{"id":63,"date":"2025-03-24T14:32:15","date_gmt":"2025-03-24T13:32:15","guid":{"rendered":"https:\/\/madeinriver.fr\/boutique\/?post_type=product&#038;p=63"},"modified":"2025-05-15T12:02:08","modified_gmt":"2025-05-15T10:02:08","slug":"ogma-fluorocarbon-coated-fil-peche-haute-performance","status":"publish","type":"product","link":"https:\/\/madeinriver.fr\/boutique\/produit\/ogma-fluorocarbon-coated-fil-peche-haute-performance\/","title":{"rendered":"OGMA Fluorocarbon coated"},"content":{"rendered":"<p>Le fil OGMA Fluorocarbon coated est un fil d&rsquo;une r\u00e9sistance incroyable. Son \u00e2me en nylon est recouverte d&rsquo;un premier \u00ab\u00a0coating\u00a0\u00bb (\u00ab\u00a0vernis\u00a0\u00bb) fluorocarbone puis d&rsquo;un second \u00ab\u00a0coating\u00a0\u00bb sp\u00e9cifique anti-abrasion et anti-UV. Cette formule 3 couches nous donne un fil de p\u00eache de grande qualit\u00e9 qui garde 80% de la souplesse d&rsquo;un nylon pur, et 20 % d&rsquo;\u00e9lasticit\u00e9. Les deux \u00ab\u00a0coating\u00a0\u00bb am\u00e8ne une r\u00e9sistance aux n\u0153uds et \u00e0 l&rsquo;abrasion impressionnante qui vous permettra de g\u00e9rer les combats les plus rudes. Sans m\u00e9moire, il convient pour la p\u00eache en s\u00e8che comme en nymphe mais \u00e9galement pour le toc ou le toc-nymphe. Les gros diam\u00e8tres peuvent \u00eatre utilis\u00e9s en noy\u00e9e ou au streamer mais aussi pour la p\u00eache au leurre.<\/p>\n<p>Bobine de 50 m\u00e8tres disponible du 9,5 au 17.5 centi\u00e8mes<\/p>\n","protected":false},"excerpt":{"rendered":"<p>Le fil OGMA Fluorocarbon coated est un fil d&rsquo;une r\u00e9sistance incroyable. Son \u00e2me en nylon est recouverte d&rsquo;un premier \u00ab\u00a0coating\u00a0\u00bb (\u00ab\u00a0vernis\u00a0\u00bb) fluorocarbone puis d&rsquo;un second \u00ab\u00a0coating\u00a0\u00bb sp\u00e9cifique anti-abrasion et anti-UV. Cette formule 3 couches nous donne un fil de p\u00eache de grande qualit\u00e9 qui garde 80% de la souplesse d&rsquo;un nylon pur, et 20 % [&hellip;]<\/p>\n","protected":false},"featured_media":66,"template":"","meta":[],"product_brand":[24],"product_cat":[21],"product_tag":[27,25,26],"class_list":{"0":"post-63","1":"product","2":"type-product","3":"status-publish","4":"has-post-thumbnail","6":"product_brand-ogma","7":"product_cat-fils-et-bas-de-ligne","8":"product_tag-fil-nymphe-au-toc","9":"product_tag-fil-peche-mouche","10":"product_tag-fil-peche-nymphe","12":"first","13":"instock","14":"taxable","15":"shipping-taxable","16":"purchasable","17":"product-type-variable"},"_links":{"self":[{"href":"https:\/\/madeinriver.fr\/boutique\/wp-json\/wp\/v2\/product\/63","targetHints":{"allow":["GET"]}}],"collection":[{"href":"https:\/\/madeinriver.fr\/boutique\/wp-json\/wp\/v2\/product"}],"about":[{"href":"https:\/\/madeinriver.fr\/boutique\/wp-json\/wp\/v2\/types\/product"}],"wp:featuredmedia":[{"embeddable":true,"href":"https:\/\/madeinriver.fr\/boutique\/wp-json\/wp\/v2\/media\/66"}],"wp:attachment":[{"href":"https:\/\/madeinriver.fr\/boutique\/wp-json\/wp\/v2\/media?parent=63"}],"wp:term":[{"taxonomy":"product_brand","embeddable":true,"href":"https:\/\/madeinriver.fr\/boutique\/wp-json\/wp\/v2\/product_brand?post=63"},{"taxonomy":"product_cat","embeddable":true,"href":"https:\/\/madeinriver.fr\/boutique\/wp-json\/wp\/v2\/product_cat?post=63"},{"taxonomy":"product_tag","embeddable":true,"href":"https:\/\/madeinriver.fr\/boutique\/wp-json\/wp\/v2\/product_tag?post=63"}],"curies":[{"name":"wp","href":"https:\/\/api.w.org\/{rel}","templated":true}]}}