{"id":68,"date":"2025-03-24T15:09:39","date_gmt":"2025-03-24T14:09:39","guid":{"rendered":"https:\/\/madeinriver.fr\/boutique\/?post_type=product&#038;p=68"},"modified":"2026-02-27T10:58:13","modified_gmt":"2026-02-27T09:58:13","slug":"fil-ogma-premium","status":"publish","type":"product","link":"https:\/\/madeinriver.fr\/boutique\/produit\/fil-ogma-premium\/","title":{"rendered":"Fil OGMA Premium"},"content":{"rendered":"<p>Le fil OGMA premium est un nylon fabriqu\u00e9 au Japon de haute qualit\u00e9. Il a \u00e9t\u00e9 s\u00e9lectionn\u00e9 pour sa r\u00e9sistance, son \u00e9lasticit\u00e9 et sa souplesse. Je le conseille pour la p\u00eache en s\u00e8che notamment pour sa souplesse mais \u00e9galement pour les p\u00eache fine en nymphe lorsque les d\u00e9bits baisses et que la p\u00eache devient plus d\u00e9licate.<\/p>\n<p>En guidage, j&rsquo;utilise le 9.6\u00b0\/\u00b0\u00b0, le 11,9\u00b0\/\u00b0\u00b0. Si vous fr\u00e9quentez des rivi\u00e8res o\u00f9 les poissons sont plus gros, je vous conseille alors le 13,8\u00b0\/\u00b0\u00b0.<\/p>\n<p>Bobine de 30 m\u00e8tres. Disponible du 9,6 au 17 centi\u00e8mes<\/p>\n","protected":false},"excerpt":{"rendered":"<p>Le fil OGMA premium est un nylon fabriqu\u00e9 au Japon de haute qualit\u00e9. Il a \u00e9t\u00e9 s\u00e9lectionn\u00e9 pour sa r\u00e9sistance, son \u00e9lasticit\u00e9 et sa souplesse. Je le conseille pour la p\u00eache en s\u00e8che notamment pour sa souplesse mais \u00e9galement pour les p\u00eache fine en nymphe lorsque les d\u00e9bits baisses et que la p\u00eache devient plus [&hellip;]<\/p>\n","protected":false},"featured_media":70,"template":"","meta":[],"product_brand":[],"product_cat":[21],"product_tag":[29,25,28],"class_list":{"0":"post-68","1":"product","2":"type-product","3":"status-publish","4":"has-post-thumbnail","6":"product_cat-fils-et-bas-de-ligne","7":"product_tag-fil-bas-de-ligne","8":"product_tag-fil-peche-mouche","9":"product_tag-fil-peche-toc","11":"first","12":"instock","13":"taxable","14":"shipping-taxable","15":"purchasable","16":"product-type-variable"},"_links":{"self":[{"href":"https:\/\/madeinriver.fr\/boutique\/wp-json\/wp\/v2\/product\/68","targetHints":{"allow":["GET"]}}],"collection":[{"href":"https:\/\/madeinriver.fr\/boutique\/wp-json\/wp\/v2\/product"}],"about":[{"href":"https:\/\/madeinriver.fr\/boutique\/wp-json\/wp\/v2\/types\/product"}],"wp:featuredmedia":[{"embeddable":true,"href":"https:\/\/madeinriver.fr\/boutique\/wp-json\/wp\/v2\/media\/70"}],"wp:attachment":[{"href":"https:\/\/madeinriver.fr\/boutique\/wp-json\/wp\/v2\/media?parent=68"}],"wp:term":[{"taxonomy":"product_brand","embeddable":true,"href":"https:\/\/madeinriver.fr\/boutique\/wp-json\/wp\/v2\/product_brand?post=68"},{"taxonomy":"product_cat","embeddable":true,"href":"https:\/\/madeinriver.fr\/boutique\/wp-json\/wp\/v2\/product_cat?post=68"},{"taxonomy":"product_tag","embeddable":true,"href":"https:\/\/madeinriver.fr\/boutique\/wp-json\/wp\/v2\/product_tag?post=68"}],"curies":[{"name":"wp","href":"https:\/\/api.w.org\/{rel}","templated":true}]}}