{"id":71,"date":"2025-03-24T15:50:41","date_gmt":"2025-03-24T14:50:41","guid":{"rendered":"https:\/\/madeinriver.fr\/boutique\/?post_type=product&#038;p=71"},"modified":"2025-03-31T18:47:11","modified_gmt":"2025-03-31T16:47:11","slug":"fil-ogma-tippet","status":"publish","type":"product","link":"https:\/\/madeinriver.fr\/boutique\/produit\/fil-ogma-tippet\/","title":{"rendered":"Fil OGMA Tippet"},"content":{"rendered":"<p>Le Fil OGMA tippet est fil fiable fabriqu\u00e9 en Allemagne pour toutes les p\u00eaches de la truite en rivi\u00e8re qui n\u00e9cessitent l&rsquo;utilisation de pointes fines. En s\u00e8che, en nymphe ou au toc, l&rsquo;OGMA tippet a fait ses preuves au bord de l&rsquo;eau. Fiabilit\u00e9 pour un prix abordable.<\/p>\n<p>Bobine de 30 m\u00e8tres. Disponible du 9 au 17 centi\u00e8mes<\/p>\n","protected":false},"excerpt":{"rendered":"<p>Le Fil OGMA tippet est fil fiable fabriqu\u00e9 en Allemagne pour toutes les p\u00eaches de la truite en rivi\u00e8re qui n\u00e9cessitent l&rsquo;utilisation de pointes fines. En s\u00e8che, en nymphe ou au toc, l&rsquo;OGMA tippet a fait ses preuves au bord de l&rsquo;eau. Fiabilit\u00e9 pour un prix abordable. Bobine de 30 m\u00e8tres. Disponible du 9 au [&hellip;]<\/p>\n","protected":false},"featured_media":72,"template":"","meta":[],"product_brand":[24],"product_cat":[21],"product_tag":[],"class_list":{"0":"post-71","1":"product","2":"type-product","3":"status-publish","4":"has-post-thumbnail","6":"product_brand-ogma","7":"product_cat-fils-et-bas-de-ligne","9":"first","10":"instock","11":"taxable","12":"shipping-taxable","13":"purchasable","14":"product-type-variable"},"_links":{"self":[{"href":"https:\/\/madeinriver.fr\/boutique\/wp-json\/wp\/v2\/product\/71","targetHints":{"allow":["GET"]}}],"collection":[{"href":"https:\/\/madeinriver.fr\/boutique\/wp-json\/wp\/v2\/product"}],"about":[{"href":"https:\/\/madeinriver.fr\/boutique\/wp-json\/wp\/v2\/types\/product"}],"wp:featuredmedia":[{"embeddable":true,"href":"https:\/\/madeinriver.fr\/boutique\/wp-json\/wp\/v2\/media\/72"}],"wp:attachment":[{"href":"https:\/\/madeinriver.fr\/boutique\/wp-json\/wp\/v2\/media?parent=71"}],"wp:term":[{"taxonomy":"product_brand","embeddable":true,"href":"https:\/\/madeinriver.fr\/boutique\/wp-json\/wp\/v2\/product_brand?post=71"},{"taxonomy":"product_cat","embeddable":true,"href":"https:\/\/madeinriver.fr\/boutique\/wp-json\/wp\/v2\/product_cat?post=71"},{"taxonomy":"product_tag","embeddable":true,"href":"https:\/\/madeinriver.fr\/boutique\/wp-json\/wp\/v2\/product_tag?post=71"}],"curies":[{"name":"wp","href":"https:\/\/api.w.org\/{rel}","templated":true}]}}